{"id":16,"date":"2013-12-29T14:37:31","date_gmt":"2013-12-29T14:37:31","guid":{"rendered":"http:\/\/stichtingraiffeisen.nl\/site\/?page_id=16"},"modified":"2026-05-03T10:14:26","modified_gmt":"2026-05-03T10:14:26","slug":"verslaglegging","status":"publish","type":"page","link":"https:\/\/www.stichtingraiffeisen.nl\/site\/verslaglegging\/","title":{"rendered":"Verslaglegging"},"content":{"rendered":"\n<div class=\"wp-block-group\"><div class=\"wp-block-group__inner-container is-layout-constrained wp-block-group-is-layout-constrained\">\n<p>Hieronder zijn de verslagen van de uitgeoefende activiteiten en de financi\u00eble verantwoording opgenomen:<\/p>\n<ul>\n<li><a href=\"https:\/\/stichtingraiffeisen.nl\/site\/wp-content\/uploads\/2013\/12\/Financi\u00eble-stand-van-zaken-over-2012-van-de-Stichting-Raifeissen.docx\">Financi\u00eble verantwoording 2012<\/a><\/li>\n<li><a href=\"https:\/\/stichtingraiffeisen.nl\/site\/wp-content\/uploads\/2013\/12\/Jaarrapportage-2013.xlsx\">Financi\u00eble verantwoording 2013<\/a><\/li>\n<li><a href=\"https:\/\/stichtingraiffeisen.nl\/site\/wp-content\/uploads\/2013\/12\/Financi\u00eble-verantwoording-2014.xlsx\">Financi\u00eble verantwoording 2014<\/a><\/li>\n<li><a href=\"https:\/\/stichtingraiffeisen.nl\/site\/wp-content\/uploads\/2013\/12\/Financi\u00eble-verantwoording-2015.xlsx\">Financi\u00eble verantwoording 2015<\/a><\/li>\n<li><a href=\"https:\/\/www.stichtingraiffeisen.nl\/site\/wp-content\/uploads\/2013\/12\/Financi\u00eble-verantwoording-2016.xlsx\">Financi\u00eble verantwoording 2016<\/a><\/li>\n<li><a href=\"https:\/\/www.stichtingraiffeisen.nl\/site\/wp-content\/uploads\/2013\/12\/Financi\u00eble-verantwoording-2017.pdf\">Financi\u00eble verantwoording 2017<\/a><\/li>\n<li><a href=\"https:\/\/www.stichtingraiffeisen.nl\/site\/wp-content\/uploads\/2013\/12\/Financi\u00eble-verantwoording-2018.pdf\">Financi\u00eble verantwoording 2018<\/a><\/li>\n<li><a href=\"https:\/\/www.stichtingraiffeisen.nl\/site\/wp-content\/uploads\/2013\/12\/Financi\u00eble-verantwoording-2019.pdf\">Financi\u00eble verantwoording 2019<\/a><\/li>\n<li><a href=\"https:\/\/www.stichtingraiffeisen.nl\/site\/wp-content\/uploads\/2013\/12\/Financi\u00eble-verantwoording-2020-dd-27-02-2021.pdf\">Financi\u00eble verantwoording 2020<\/a><\/li>\n<li><a href=\"https:\/\/www.stichtingraiffeisen.nl\/site\/wp-content\/uploads\/2013\/12\/Financi\u00eble-verantwoording-2021.pdf\">Financi\u00eble verantwoording 2021<\/a><\/li>\n<li><a href=\"https:\/\/www.stichtingraiffeisen.nl\/site\/wp-content\/uploads\/2023\/04\/Financiele-verantwoording-2022.pdf\">Financi\u00eble verantwoording 2022<\/a><\/li>\n<li><a href=\"https:\/\/www.stichtingraiffeisen.nl\/site\/wp-content\/uploads\/2024\/03\/Financiele-verantwoording-2023.pdf\">Financi\u00eble verantwoording 2023<\/a><\/li>\n<li><a href=\"https:\/\/www.stichtingraiffeisen.nl\/site\/wp-content\/uploads\/2025\/06\/Financiele-verantwoording-2024.pdf\">Financi\u00eble verantwoording 2024<\/a><\/li>\n<li><a href=\"https:\/\/www.stichtingraiffeisen.nl\/site\/wp-content\/uploads\/2026\/05\/Financiele-verantwoording-2025.pdf\">Financi\u00eble verantwoording 2025<\/a><\/li>\n<\/ul>\n<\/div><\/div>\n","protected":false},"excerpt":{"rendered":"<p>Hieronder zijn de verslagen van de uitgeoefende activiteiten en de financi\u00eble verantwoording opgenomen: Financi\u00eble verantwoording 2012 Financi\u00eble verantwoording 2013 Financi\u00eble verantwoording 2014 Financi\u00eble verantwoording 2015 Financi\u00eble verantwoording 2016 Financi\u00eble verantwoording 2017 Financi\u00eble verantwoording 2018 Financi\u00eble verantwoording 2019 Financi\u00eble verantwoording 2020 Financi\u00eble verantwoording 2021 Financi\u00eble verantwoording 2022 Financi\u00eble verantwoording 2023 Financi\u00eble verantwoording 2024 Financi\u00eble verantwoording 2025<\/p>\n","protected":false},"author":1,"featured_media":0,"parent":0,"menu_order":0,"comment_status":"open","ping_status":"open","template":"","meta":{"footnotes":""},"class_list":["post-16","page","type-page","status-publish","hentry"],"aioseo_notices":[],"_links":{"self":[{"href":"https:\/\/www.stichtingraiffeisen.nl\/site\/wp-json\/wp\/v2\/pages\/16","targetHints":{"allow":["GET"]}}],"collection":[{"href":"https:\/\/www.stichtingraiffeisen.nl\/site\/wp-json\/wp\/v2\/pages"}],"about":[{"href":"https:\/\/www.stichtingraiffeisen.nl\/site\/wp-json\/wp\/v2\/types\/page"}],"author":[{"embeddable":true,"href":"https:\/\/www.stichtingraiffeisen.nl\/site\/wp-json\/wp\/v2\/users\/1"}],"replies":[{"embeddable":true,"href":"https:\/\/www.stichtingraiffeisen.nl\/site\/wp-json\/wp\/v2\/comments?post=16"}],"version-history":[{"count":31,"href":"https:\/\/www.stichtingraiffeisen.nl\/site\/wp-json\/wp\/v2\/pages\/16\/revisions"}],"predecessor-version":[{"id":252,"href":"https:\/\/www.stichtingraiffeisen.nl\/site\/wp-json\/wp\/v2\/pages\/16\/revisions\/252"}],"wp:attachment":[{"href":"https:\/\/www.stichtingraiffeisen.nl\/site\/wp-json\/wp\/v2\/media?parent=16"}],"curies":[{"name":"wp","href":"https:\/\/api.w.org\/{rel}","templated":true}]}}